{"id":31,"date":"2025-05-01T18:38:59","date_gmt":"2025-05-01T16:38:59","guid":{"rendered":"https:\/\/pitchperfect.hanseat.me\/index.php\/about\/"},"modified":"2025-05-01T18:38:59","modified_gmt":"2025-05-01T16:38:59","slug":"about","status":"publish","type":"page","link":"https:\/\/pitchperfect.hanseat.me\/index.php\/about\/","title":{"rendered":"\u00dcber uns"},"content":{"rendered":"<p>Pitch Perfect ist eine f\u00fchrende Agentur f\u00fcr Fu\u00dfball-Fotografie mit Sitz in Berlin. Unser Team aus leidenschaftlichen Fotografen hat sich auf die Dokumentation von Fu\u00dfballspielen und -ereignissen spezialisiert. Wir arbeiten mit Vereinen, Verb\u00e4nden und Medien zusammen, um die sch\u00f6nsten und emotionalsten Momente des Spiels festzuhalten. Unsere Bilder erz\u00e4hlen Geschichten, wecken Emotionen und fangen die Essenz des Fu\u00dfballs ein.<\/p>\n","protected":false},"excerpt":{"rendered":"<p>Pitch Perfect ist eine f\u00fchrende Agentur f\u00fcr Fu\u00dfball-Fotografie mit Sitz in Berlin. Unser Team aus leidenschaftlichen Fotografen hat sich auf&#8230;<\/p>\n","protected":false},"author":1,"featured_media":0,"parent":0,"menu_order":0,"comment_status":"closed","ping_status":"closed","template":"page.php","meta":{"footnotes":""},"class_list":["post-31","page","type-page","status-publish","hentry"],"_links":{"self":[{"href":"https:\/\/pitchperfect.hanseat.me\/index.php\/wp-json\/wp\/v2\/pages\/31","targetHints":{"allow":["GET"]}}],"collection":[{"href":"https:\/\/pitchperfect.hanseat.me\/index.php\/wp-json\/wp\/v2\/pages"}],"about":[{"href":"https:\/\/pitchperfect.hanseat.me\/index.php\/wp-json\/wp\/v2\/types\/page"}],"author":[{"embeddable":true,"href":"https:\/\/pitchperfect.hanseat.me\/index.php\/wp-json\/wp\/v2\/users\/1"}],"replies":[{"embeddable":true,"href":"https:\/\/pitchperfect.hanseat.me\/index.php\/wp-json\/wp\/v2\/comments?post=31"}],"version-history":[{"count":0,"href":"https:\/\/pitchperfect.hanseat.me\/index.php\/wp-json\/wp\/v2\/pages\/31\/revisions"}],"wp:attachment":[{"href":"https:\/\/pitchperfect.hanseat.me\/index.php\/wp-json\/wp\/v2\/media?parent=31"}],"curies":[{"name":"wp","href":"https:\/\/api.w.org\/{rel}","templated":true}]}}