{"id":32,"date":"2025-05-01T18:38:59","date_gmt":"2025-05-01T16:38:59","guid":{"rendered":"https:\/\/pitchperfect.hanseat.me\/index.php\/contact\/"},"modified":"2025-05-01T18:38:59","modified_gmt":"2025-05-01T16:38:59","slug":"contact","status":"publish","type":"page","link":"https:\/\/pitchperfect.hanseat.me\/index.php\/contact\/","title":{"rendered":"Kontakt"},"content":{"rendered":"<p>Haben Sie Interesse an einer Zusammenarbeit oder m\u00f6chten Sie mehr \u00fcber unsere Dienstleistungen erfahren? Kontaktieren Sie uns &#8211; wir freuen uns, von Ihnen zu h\u00f6ren!<\/p>\n","protected":false},"excerpt":{"rendered":"<p>Haben Sie Interesse an einer Zusammenarbeit oder m\u00f6chten Sie mehr \u00fcber unsere Dienstleistungen erfahren? Kontaktieren Sie uns &#8211; wir freuen&#8230;<\/p>\n","protected":false},"author":1,"featured_media":0,"parent":0,"menu_order":0,"comment_status":"closed","ping_status":"closed","template":"page.php","meta":{"footnotes":""},"class_list":["post-32","page","type-page","status-publish","hentry"],"_links":{"self":[{"href":"https:\/\/pitchperfect.hanseat.me\/index.php\/wp-json\/wp\/v2\/pages\/32","targetHints":{"allow":["GET"]}}],"collection":[{"href":"https:\/\/pitchperfect.hanseat.me\/index.php\/wp-json\/wp\/v2\/pages"}],"about":[{"href":"https:\/\/pitchperfect.hanseat.me\/index.php\/wp-json\/wp\/v2\/types\/page"}],"author":[{"embeddable":true,"href":"https:\/\/pitchperfect.hanseat.me\/index.php\/wp-json\/wp\/v2\/users\/1"}],"replies":[{"embeddable":true,"href":"https:\/\/pitchperfect.hanseat.me\/index.php\/wp-json\/wp\/v2\/comments?post=32"}],"version-history":[{"count":0,"href":"https:\/\/pitchperfect.hanseat.me\/index.php\/wp-json\/wp\/v2\/pages\/32\/revisions"}],"wp:attachment":[{"href":"https:\/\/pitchperfect.hanseat.me\/index.php\/wp-json\/wp\/v2\/media?parent=32"}],"curies":[{"name":"wp","href":"https:\/\/api.w.org\/{rel}","templated":true}]}}